{"id":146,"date":"2017-10-18T11:23:49","date_gmt":"2017-10-18T11:23:49","guid":{"rendered":"http:\/\/section-26-conrs.fr\/?page_id=146"},"modified":"2021-10-15T18:43:01","modified_gmt":"2021-10-15T18:43:01","slug":"sessions","status":"publish","type":"page","link":"https:\/\/section-26-conrs.laboissiere.net\/index.php\/sessions\/","title":{"rendered":"Sessions"},"content":{"rendered":"<p>Voici les comptes rendus des sessions semestrielles de la Section 26, ainsi que les motions vot\u00e9es par la Section ou par le Conf\u00e9rence des Pr\u00e9sidents du Comit\u00e9 National (<a href=\"https:\/\/www.cnrs.fr\/comitenational\/struc_coord\/cpcn.htm\">CPCN<\/a>) &nbsp;:<\/p>\r\n\r\n<ul>\r\n    <li><strong>Printemps 2021<\/strong><br\/>\r\n        <ul>\r\n            <li><a href=\"\/wp-content\/uploads\/2021\/10\/CR-P21-section-26-pour-diffusion.pdf\">Compte rendu de session<\/a><br\/>\r\n            <\/li>\r\n            <li><a href=\"\/wp-content\/uploads\/2021\/08\/Rapport-Parite-Evaluation-2021.pdf\">Parit\u00e9 et \u00e9valuation non-discriminatoire au CNRS<\/a> (rapport de restitution des travaux du Comit\u00e9 Parit\u00e9 de la Section 14 du CoNRS, mandature 2016\u20132021, disponible \u00e9galement sur <a href=\"https:\/\/hal.archives-ouvertes.fr\/hal-03311372\">HAL<\/a>).\r\n            <\/li>\r\n        <\/ul>\r\n    <\/li>\r\n    <li><strong>Automne 2020<\/strong><br\/>\r\n        <a href=\"\/wp-content\/uploads\/2021\/10\/CR-A20-section-26-pour-diffusion.pdf\">Compte rendu de session<\/a><br\/>\r\n    <\/li>\r\n    <li><strong>Printemps 2020<\/strong><br\/>\r\n        <a href=\"\/wp-content\/uploads\/2020\/09\/Compte-rendu-P20-section-26.pdf\">Compte rendu de session<\/a><br\/>\r\n    <\/li>\r\n    <li><strong>Automne 2019<\/strong><br\/>\r\n        <ul>\r\n            <li><a href=\"\/wp-content\/uploads\/2020\/09\/Compte-rendu-section-26-session-dautomne-2019.pdf\">Compte rendu de session<\/a><br\/><\/li>\r\n            <li>CPCN Motion <a href=\"\/wp-content\/uploads\/2019\/12\/191108_CPCN_Motion_LPPR.pdf\">sur le projet de loi de programmation pluriannuelle de la recherche<\/a> (8 novembre 2019), accompagn\u00e9e des <a href=\"\/wp-content\/uploads\/2019\/12\/Propositions_Comite-national_Juillet-2019.pdf\">diagnostics et propositions du Comit\u00e9 national<\/a><\/li>\r\n            <li>CPCN Motion <a href=\"\/wp-content\/uploads\/2020\/01\/200117_Motion_LPPR_vf.pdf\">sur les dispositions attendues de la LPPR<\/a> (17 janvier 2020). En compl\u00e9ment de cette motion, la\r\n\r\n <a href=\"https:\/\/www.c3n-cn.fr\/presentation\">C3N<\/a> a ouvert un <a href=\"https:\/\/www.c3n-cn.fr\/survey\/index.php\/317533\">formulaire en ligne<\/a> que tout acteur de la recherche scientifique peut remplir et qui permettra de recenser le soutien de la communaut\u00e9 scientifique.<\/li>\r\n            <li>Section 26 Motion <a href=\"\/wp-content\/uploads\/2020\/02\/Motion26.pdf\">sur le projet de la LPPR et en soutien \u00e0 la motion de la CPCN<\/a>.<\/li>\r\n        <\/ul>\r\n    <\/li>\r\n    <li><strong>Printemps 2019<\/strong><br\/>\r\n        <a href=\"\/wp-content\/uploads\/2020\/01\/CR-intersyndical-P19-section-26.pdf\">Compte rendu de session<\/a><br\/>\r\n    <\/li>\r\n    <li><strong>Automne 2018<\/strong><br\/>\r\n        <a href=\"\/wp-content\/uploads\/2020\/01\/CR-intersyndical-A18-section-26.pdf\">Compte rendu de session<\/a><br\/>\r\n    <\/li>\r\n    <li><strong>Printemps 2018<\/strong><br\/>\r\n        <a href=\"\/wp-content\/uploads\/2018\/11\/CR-intersyndical-P18-section-26.pdf\">Compte rendu de session<\/a><br\/>\r\n    <\/li>\r\n    <li><strong>Automne 2017<\/strong><br\/>\r\n        <a href=\"\/wp-content\/uploads\/2018\/05\/CR-intersyndical-A17-section-26.pdf\">Compte rendu de session<\/a><br\/>\r\n    <\/li>\r\n    <li><strong>Printemps 2017<\/strong><br\/>\r\n        <a href=\"\/wp-content\/uploads\/2018\/01\/CR-intersyndical-P17-section-26.pdf\">Compte rendu de session<\/a><br\/>\r\n    <\/li>\r\n    <li><strong>Automne 2016<\/strong><br\/>\r\n        <ul>\r\n            <li><a href=\"\/wp-content\/uploads\/2018\/01\/CR-intersyndical-A16-section-26.pdf\">Compte rendu de session<\/a><br\/><\/li>\r\n            <li>S26 Motion <a href=\"\/wp-content\/uploads\/2017\/10\/S26_Motion-Contours_A16.pdf\">Contours de la section 26<\/a><br\/><\/li>\r\n            <li>S26 Motion <a href=\"\/wp-content\/uploads\/2017\/10\/S26_Motion-outil-Marmotte_A16.pdf\">Fonctionnalit\u00e9s de l&#8217;outil Marmotte<\/a><\/li>\r\n        <\/ul>\r\n    <\/li>\r\n<\/ul>","protected":false},"excerpt":{"rendered":"<p>Voici les comptes rendus des sessions semestrielles de la Section 26, ainsi que les motions vot\u00e9es par la Section ou par le Conf\u00e9rence des Pr\u00e9sidents du Comit\u00e9 National (CPCN) &nbsp;: Printemps 2021 Parit\u00e9 et \u00e9valuation non-discriminatoire au CNRS (rapport de restitution des travaux du Comit\u00e9 Parit\u00e9 de la Section 14 du CoNRS, mandature 2016\u20132021, disponible [&hellip;]<\/p>\n","protected":false},"author":1,"featured_media":0,"parent":0,"menu_order":0,"comment_status":"closed","ping_status":"closed","template":"","meta":{"footnotes":""},"class_list":["post-146","page","type-page","status-publish","hentry"],"_links":{"self":[{"href":"https:\/\/section-26-conrs.laboissiere.net\/index.php\/wp-json\/wp\/v2\/pages\/146"}],"collection":[{"href":"https:\/\/section-26-conrs.laboissiere.net\/index.php\/wp-json\/wp\/v2\/pages"}],"about":[{"href":"https:\/\/section-26-conrs.laboissiere.net\/index.php\/wp-json\/wp\/v2\/types\/page"}],"author":[{"embeddable":true,"href":"https:\/\/section-26-conrs.laboissiere.net\/index.php\/wp-json\/wp\/v2\/users\/1"}],"replies":[{"embeddable":true,"href":"https:\/\/section-26-conrs.laboissiere.net\/index.php\/wp-json\/wp\/v2\/comments?post=146"}],"version-history":[{"count":45,"href":"https:\/\/section-26-conrs.laboissiere.net\/index.php\/wp-json\/wp\/v2\/pages\/146\/revisions"}],"predecessor-version":[{"id":784,"href":"https:\/\/section-26-conrs.laboissiere.net\/index.php\/wp-json\/wp\/v2\/pages\/146\/revisions\/784"}],"wp:attachment":[{"href":"https:\/\/section-26-conrs.laboissiere.net\/index.php\/wp-json\/wp\/v2\/media?parent=146"}],"curies":[{"name":"wp","href":"https:\/\/api.w.org\/{rel}","templated":true}]}}