{"id":21,"date":"2017-10-12T13:48:09","date_gmt":"2017-10-12T13:48:09","guid":{"rendered":"http:\/\/section-26-conrs.fr\/?page_id=21"},"modified":"2021-10-27T11:45:45","modified_gmt":"2021-10-27T11:45:45","slug":"home","status":"publish","type":"page","link":"https:\/\/section-26-conrs.laboissiere.net\/","title":{"rendered":"Accueil"},"content":{"rendered":"<p>Bienvenue sur le site web <strong>archiv\u00e9<\/strong> de la Section 26 du Comit\u00e9 National de la Recherche Scientifique (<a href=\"http:\/\/www.cnrs.fr\/comitenational\/\">CoNRS<\/a>) pour le mandat 2016\u20132021. Ce site contient des informations compl\u00e9mentaires \u00e0 celles fournies par le \u00a0<a href=\"http:\/\/www.cnrs.fr\/comitenational\/sections\/section.php?sec=26\">site officiel de la section.<\/a><\/p>\r\n\r\n<p>Ce site a \u00e9t\u00e9 sous l&#8217;enti\u00e8re responsabilit\u00e9 des membres de la section et n&#8217;a pas impliqu\u00e9 le CoNRS ni le Centre National de la Recherche Scientifique (<a href=\"http:\/\/www.cnrs.fr\/\">CNRS<\/a>).<\/p>\r\n\r\n<p><strong><a href=\"\/wp-content\/uploads\/2021\/10\/Bilan-Mandature-S26-2016-2021.pdf\">Bilan de la Section 26, mandature 2016&ndash;2021.<\/a><\/strong> Le bilan de l&#8217;ensemble des sections du CoNRS est aussi <a href=\"https:\/\/www.cnrs.fr\/comitenational\/struc_coord\/cpcn\/motions\/2021\/210930_Bilan-mandature.pdf\">disponible<\/a> sur le site web du CNRS. <\/p>\r\n\r\n<div class=\"warn\">\r\n\r\n<p align=\"center\" style=\"font-size:120%\"><strong>M\u00e9daill\u00e9\u00b7e\u00b7s 2021\u00a0: les chercheur\u00b7e\u00b7s de la Section 26 \u00e0 l&#8217;honneur<\/strong><\/p>\r\n<div>\r\n\r\n<div><p align=\"center\" ><img decoding=\"async\" class=\"sep\" src=\"\/wp-content\/uploads\/2021\/02\/text-separator.png\"\/><p><\/div>\r\n\r\n<div class=\"bio\">\r\n\r\n<img decoding=\"async\" src=\"\/wp-content\/uploads\/2021\/02\/catherine-tallon-baudry.jpg\"\/>\r\n<p><strong>M\u00e9daille d\u2019Argent de l'INSB<\/br>Catherine Tallon-Baudry &ndash; Chercheure en neurosciences cognitives<br\/>\r\nLaboratoire de Neurosciences Cognitives et Computationnelles, Inserm U960, Paris<\/strong><\/p>\r\n\r\n<ul>\r\n<li>1997&nbsp;: Doctorat en neurosciences (Universit\u00e9 de Lyon 1)<\/li>\r\n<li>1999&nbsp;: Entr\u00e9e au CNRS &ndash; Charg\u00e9e de recherche<\/li>\r\n<li>2009&nbsp;: Directrice de recherche au CNRS<\/li>\r\n<li>2015&nbsp;: ERC advanced grant<\/li>\r\n<\/ul>\r\n\r\n<p>Catherine Tallon-Baudry est sp\u00e9cialiste de l\u2019\u00e9tude de la subjectivit\u00e9 et des interactions corps-cerveau associ\u00e9es \u00e0 la perception consciente.<\/p>\r\n\r\n<p>Ses premi\u00e8res recherches ont port\u00e9 sur le r\u00f4le de la synchronisation oscillatoire dans le liage perceptif, l\u2019attention et la conscience, \u00e0 partir d\u2019enregistrements en \u00e9lectro-enc\u00e9phalographie (EEG) et intra-corticaux chez le primate humain et non-humain. Elle a ainsi d\u00e9montr\u00e9 que la perception consciente et la mise en m\u00e9moire de stimuli visuels sont associ\u00e9es \u00e0 des activit\u00e9s oscillatoires dans la bande gamma (> 40 Hz) au niveau des aires visuelles. Parmi ses autres travaux influents, \u00e0 partir d\u2019exp\u00e9rimentations en EEG et en magn\u00e9to-enc\u00e9phalographie (MEG), Catherine Tallon-Baudry a mis en \u00e9vidence une double dissociation entre l\u2019attention spatiale et la conscience visuelle, ouvrant la voie \u00e0 un nouveau domaine d\u2019\u00e9tudes sur les bases neurales de la subjectivit\u00e9.<\/p>\r\n\r\n<p>Ses travaux les plus r\u00e9cents reposent sur une hypoth\u00e8se forte et originale selon laquelle les signaux en provenance des organes internes (visc\u00e8res, c\u0153ur) contribuent \u00e0 l&#8217;organisation de la dynamique c\u00e9r\u00e9brale et au fondement biologique de la subjectivit\u00e9. Partant de l\u2019observation que le c\u0153ur et l&#8217;estomac ont une forte connectivit\u00e9 r\u00e9ciproque avec le syst\u00e8me nerveux central, ses recherches testent l\u2019hypoth\u00e8se selon laquelle ces rythmes visc\u00e9raux contribuent \u00e0 l&#8217;organisation de l&#8217;activit\u00e9 c\u00e9r\u00e9brale spontan\u00e9e. Elle a ainsi identifi\u00e9 deux r\u00e9gions (cingulum ant\u00e9rieur et lobule pari\u00e9tal inf\u00e9rieur droit) pour lesquelles l\u2019amplitude de la r\u00e9ponse neurale li\u00e9e \u00e0 l\u2019activit\u00e9 cardiaque permet de pr\u00e9voir si une cible perceptive visuelle est d\u00e9tect\u00e9e ou non.<\/p>\r\n\r\n<p>Ses travaux de recherche d\u2019une tr\u00e8s grande originalit\u00e9 ont un impact majeur dans le domaine des neurosciences cognitives et ouvrent de nouvelles perspectives dans le domaine des interactions corps-cerveau.<\/p>\r\n\r\n<\/div>\r\n\r\n<div><p align=\"center\" ><img decoding=\"async\" class=\"sep\" src=\"\/wp-content\/uploads\/2021\/02\/text-separator.png\"\/><p><\/div>\r\n\r\n<div class=\"bio\">\r\n\r\n<img decoding=\"async\" src=\"\/wp-content\/uploads\/2021\/02\/adrien-meguerditchian.jpg\"\/>\r\n\r\n<p><strong>M\u00e9daille de Bronze de la Section 26<\/br>Adrien Meguerditchian &ndash; Chercheur en psychologie compar\u00e9e<\/br>\r\nLaboratoire de Psychologie Cognitive, CNRS, Marseille<\/strong><\/p>\r\n\r\n<ul>\r\n<li>2009&nbsp;: Doctorat en sciences cognitives (Universit\u00e9 de Provence)<\/li>\r\n<li>2014&nbsp;: Entr\u00e9e au CNRS &ndash; Charg\u00e9 de recherche<\/li>\r\n<li>2017&nbsp;: Prix Claude Paoletti, INSB CNRS<\/li>\r\n<li>2017&nbsp;: ERC starting grant<\/li>\r\n<\/ul>\r\n\r\n<p>Adrien Meguerditchian est sp\u00e9cialiste de l\u2019\u00e9tude de l\u2019origine gestuelle de la parole et sa sp\u00e9cialisation h\u00e9misph\u00e9rique.<\/p>\r\n\r\n<p>Ses recherches sont \u00e0 la crois\u00e9e de l\u2019\u00e9thologie, des sciences du langage, de la psychologie compar\u00e9e et des neurosciences. Sa recherche est ax\u00e9e sur une comparaison homme\/animal des pr\u00e9curseurs du langage. Il explore la piste des origines gestuelles de la parole et de son organisation. A travers une approche comparative, il \u00e9tudie ainsi le syst\u00e8me de communication gestuelle des primates non-humains, son ontog\u00e9nie, ses propri\u00e9t\u00e9s cognitives, intentionnelles, r\u00e9f\u00e9rentielles, motrice et rythmiques, sa lat\u00e9ralisation et ses bases c\u00e9r\u00e9brales en vue de d\u00e9tecter leurs continuit\u00e9s et discontinuit\u00e9s avec certaines propri\u00e9t\u00e9s du langage et sa sp\u00e9cialisation h\u00e9misph\u00e9rique. Pour cela, par exemple, il suit, au quotidien, des babouins, de la naissance \u00e0 la maturit\u00e9 (4&ndash;5 ans) et analyse les gestes de communication, les manipulations fines et les vocalisations, en prenant en compte la variabilit\u00e9 individuelle. Pour \u00e9tudier la sp\u00e9cialisation h\u00e9misph\u00e9rique, il r\u00e9alise des approches d\u2019imagerie c\u00e9r\u00e9brale en IRM ou en spectroscopie proche infrarouge, technique de pointe qu\u2019il met en place chez cet animal.<\/p>\r\n\r\n<\/div>\r\n\r\n<div><p align=\"center\" ><img decoding=\"async\" class=\"sep\" src=\"\/wp-content\/uploads\/2021\/02\/text-separator.png\"\/><p><\/div>\r\n\r\n<div class=\"bio\">\r\n\r\n<img decoding=\"async\" src=\"\/wp-content\/uploads\/2021\/02\/antoine-wystrach.jpg\"\/>\r\n<p><strong>M\u00e9daille de Bronze de la CID 51<\/br>Antoine Wystrach &ndash; Chercheur en \u00e9thologie cognitive<\/br>\r\nCentre de Recherches sur la Cognition Animale, CNRS, Toulouse<\/strong><\/p>\r\n\r\n<ul>\r\n<li>2008&nbsp;:  (Universit\u00e9s Toulouse 3 \/ Sydney, Australie)<\/li>\r\n<li>2016&nbsp;: Entr\u00e9e au CNRS &ndash; Charg\u00e9 de recherche<\/li>\r\n<li>2015 et 2017&nbsp;: Prix jeune chercheur UIEIS puis SFECA<\/li>\r\n<li>2018&nbsp;: ERC starting grant<\/li>\r\n<\/ul>\r\n\r\n<p>Antoine Wystrach est sp\u00e9cialiste de l\u2019\u00e9tude de la navigation visuelle chez les fourmis.<\/p>\r\n\r\n<p>Il a adopt\u00e9 une approche fortement int\u00e9grative, \u00e0 l\u2019interface entre l\u2019\u00e9cologie et les neurosciences et qui combine des exp\u00e9riences comportementales, sur le terrain et en laboratoire, et de la mod\u00e9lisation. Ses questionnements proviennent de l&#8217;observation du corps ou du comportement de l&#8217;animal dans son environnement naturel. \u00ab&nbsp;Comment les fourmis per\u00e7oivent-elles le monde \u00e0 travers des yeux \u00e0 facettes ? Comment retrouvent-elles leur chemin lorsqu\u2019elles tirent des objets en marche arri\u00e8re ?&nbsp;\u00bb Puis il cherche \u00e0 mod\u00e9liser le lien fonctionnel entre le comportement et son m\u00e9canisme neural. Pour r\u00e9pondre \u00e0 ses questions, il d\u00e9veloppe de nouveaux outils originaux, comme une plateforme permettant de simuler des agents (fourmis) qui naviguent visuellement dans des mondes reconstruits et un syst\u00e8me de r\u00e9alit\u00e9 virtuelle pour fourmis navigant dans un monde projet\u00e9 par des vid\u00e9o-projecteurs sur une surface arbitraire (cylindre, sph\u00e8re, \u2026).<\/p>\r\n\r\n<\/div>\r\n\r\n<\/div>","protected":false},"excerpt":{"rendered":"<p>Bienvenue sur le site web archiv\u00e9 de la Section 26 du Comit\u00e9 National de la Recherche Scientifique (CoNRS) pour le mandat 2016\u20132021. Ce site contient des informations compl\u00e9mentaires \u00e0 celles fournies par le \u00a0site officiel de la section. Ce site a \u00e9t\u00e9 sous l&#8217;enti\u00e8re responsabilit\u00e9 des membres de la section et n&#8217;a pas impliqu\u00e9 le [&hellip;]<\/p>\n","protected":false},"author":1,"featured_media":0,"parent":0,"menu_order":0,"comment_status":"closed","ping_status":"closed","template":"","meta":{"footnotes":""},"class_list":["post-21","page","type-page","status-publish","hentry"],"_links":{"self":[{"href":"https:\/\/section-26-conrs.laboissiere.net\/index.php\/wp-json\/wp\/v2\/pages\/21"}],"collection":[{"href":"https:\/\/section-26-conrs.laboissiere.net\/index.php\/wp-json\/wp\/v2\/pages"}],"about":[{"href":"https:\/\/section-26-conrs.laboissiere.net\/index.php\/wp-json\/wp\/v2\/types\/page"}],"author":[{"embeddable":true,"href":"https:\/\/section-26-conrs.laboissiere.net\/index.php\/wp-json\/wp\/v2\/users\/1"}],"replies":[{"embeddable":true,"href":"https:\/\/section-26-conrs.laboissiere.net\/index.php\/wp-json\/wp\/v2\/comments?post=21"}],"version-history":[{"count":55,"href":"https:\/\/section-26-conrs.laboissiere.net\/index.php\/wp-json\/wp\/v2\/pages\/21\/revisions"}],"predecessor-version":[{"id":789,"href":"https:\/\/section-26-conrs.laboissiere.net\/index.php\/wp-json\/wp\/v2\/pages\/21\/revisions\/789"}],"wp:attachment":[{"href":"https:\/\/section-26-conrs.laboissiere.net\/index.php\/wp-json\/wp\/v2\/media?parent=21"}],"curies":[{"name":"wp","href":"https:\/\/api.w.org\/{rel}","templated":true}]}}