{"id":324,"date":"2018-06-20T23:50:04","date_gmt":"2018-06-20T23:50:04","guid":{"rendered":"http:\/\/section-26-conrs.fr\/?page_id=324"},"modified":"2019-12-22T09:08:20","modified_gmt":"2019-12-22T09:08:20","slug":"dossiers-concours","status":"publish","type":"page","link":"https:\/\/section-26-conrs.laboissiere.net\/index.php\/dossiers-concours\/","title":{"rendered":"Dossiers concours"},"content":{"rendered":"<h3>Crit\u00e8res de s\u00e9lection<\/h4>\r\n\r\nLes crit\u00e8res de s\u00e9lection pour les concours CR et DR correspondent aux <a href=\"http:\/\/section-26-conrs.fr\/wp-content\/uploads\/2018\/01\/26_criteres_2018.pdf\">crit\u00e8res d&#8217;\u00e9valuation<\/a> du grade auquel le candidat ou la candidate postulent.\r\n\r\n<h3>CRCN<\/h3>\r\n\r\n<p>Dans un souci d&#8217;homog\u00e9n\u00e9isation, la Section souhaite que chacune des 2 parties du dossier, \u00ab&nbsp;Travaux ant\u00e9rieurs&nbsp;\u00bb et \u00ab&nbsp;Projet de recherche&nbsp;\u00bb, compte entre 10 et 15 pages au maximum (taille de caract\u00e8res 12, interligne 1,5).\r\n\r\n<h4>Conseils de pr\u00e9sentation<\/h4>\r\n\r\n<p>Si vous \u00eates concern\u00e9\u2022e, veiller \u00e0 bien renseigner la rubrique \u00ab&nbsp;Interruption de carri\u00e8re&nbsp;\u00bb (cong\u00e9 de maternit\u00e9, parental, maladie, formation, interruptions de contrat\u2026).\r\n\r\n<h5>Publications<\/h5>\r\n\r\n<ul>\r\n<li>Les diff\u00e9rents types de publications\u00a0seront pr\u00e9sent\u00e9s sous des rubriques distinctes (articles publi\u00e9s dans des revues nationales \u00e0 comit\u00e9 de lecture, articles publi\u00e9s dans des revues internationales \u00e0 comit\u00e9 de lecture, articles publi\u00e9s dans des revues de large diffusion&nbsp;; commentaire ; chapitres d&#8217;ouvrage\u2026) dans une liste num\u00e9rot\u00e9e (du plus ancien au plus r\u00e9cent).Pour les publications dans des revues \u00e0 comit\u00e9 de lecture : afin de pouvoir appr\u00e9cier \u00e0 leur plus juste valeur les articles publi\u00e9s, la Section recommande d\u2019indiquer, \u00e0 la suite de chaque publication, l&#8217;impact facteur et\/ou le quartile\u00a0de la revue dans la base de donn\u00e9es index\u00e9e.<\/li>\r\n\r\n<li>Les articles en r\u00e9vision, soumis ou en pr\u00e9paration, peuvent \u00eatre mentionn\u00e9s mais devront faire l&#8217;objet d&#8217;une rubrique distincte, ainsi que les articles en pre-review d\u00e9pos\u00e9s dans les *Rxiv.<\/li>\r\n<\/ul>\r\n\r\n<h5>Congr\u00e8s<\/h5>\r\n\r\n<ul>\r\n<li>Mentionner les congr\u00e8s dans lesquelles des travaux ont \u00e9t\u00e9 pr\u00e9sent\u00e9s ainsi que les conf\u00e9rences invit\u00e9es s&#8217;il y a lieu.<\/li>\r\n<\/ul>\r\n\r\n<h5>Bourses et contrats<\/h5>\r\n\r\n<ul>\r\n<li>Pr\u00e9ciser si les financements correspondent \u00e0 un salaire ou \u00e0 une subvention de recherche. Indiquer \u00e9galement votre implication dans l&#8217;obtention du financement (porteur, co-porteur, participant\u2026)<\/li>\r\n<\/ul>\r\n\r\n<h5>Encadrement<\/h5>\r\n\r\n<ul>\r\n<li>Indiquer le nom des \u00e9tudiants en Master ou Th\u00e8se et des post-doctorants supervis\u00e9s afin de pouvoir identifier leurs publications.<\/li>\r\n<\/ul>\r\n\r\n<h5>Responsabilit\u00e9s collectives<\/h5>\r\n\r\n<p>Pour chacune des responsabilit\u00e9s assur\u00e9es, pr\u00e9ciser la charge g\u00e9n\u00e9r\u00e9e.\r\n\r\n<ul>\r\n<li>Ex. : Membre d&#8217;un groupe d\u2019int\u00e9r\u00eat collectif : votre r\u00f4le, le nombre de r\u00e9unions mensuelles ou annuelles, le nombre de dossiers \u00e9valu\u00e9s,<\/li>\r\n<li>Ex. : Membre d&#8217;un comit\u00e9 de suivi de th\u00e8se (nombre\u2026)<\/li>\r\n<\/ul>\r\n\r\n<h5>Les avis de personnalit\u00e9s<\/h5>\r\n\r\n<p>Les personnalit\u00e9s scientifiques peuvent transmettre des avis sur les projets de programme de recherche des candidat\u00b7e\u00b7s. Les avis sont \u00e0 d\u00e9poser uniquement pendant la p\u00e9riode d\u2019inscription <a href=\"http:\/\/www.cnrs-bellevue.fr\/formulaires\/scc-recommandation.php\">sur le site du CNRS<\/a>.\r\n\r\n<h3>DR2<\/h3>\r\n\r\nDans un souci d&#8217;homog\u00e9n\u00e9isation, la Section appr\u00e9ciera que chacun des 2 dossiers \u00ab\u00a0Travaux ant\u00e9rieurs\u00a0\u00bb et \u00ab\u00a0Projet de recherche\u00a0\u00bb compte entre 15 et 20 pages au maximum (taille de caract\u00e8res 12, interligne 1,5).\r\n\r\n<h4>Conseils de pr\u00e9sentation<\/h4>\r\n\r\n<h5>Publications<\/h5>\r\n\r\n<ul>\r\n<li>Les diff\u00e9rents types de publications\u00a0seront pr\u00e9sent\u00e9s sous des rubriques distinctes (articles publi\u00e9s dans des revues nationales \u00e0 comit\u00e9 de lecture, articles publi\u00e9s dans des revues internationales \u00e0 comit\u00e9 de lecture, articles publi\u00e9s dans des revues de large diffusion&nbsp;; commentaire ; chapitres d&#8217;ouvrage\u2026) dans une liste num\u00e9rot\u00e9e (du plus ancien au plus r\u00e9cent).Pour les publications dans des revues \u00e0 comit\u00e9 de lecture : afin de pouvoir appr\u00e9cier \u00e0 leur plus juste valeur les articles publi\u00e9s, la Section recommande d\u2019indiquer, \u00e0 la suite de chaque publication, l&#8217;impact facteur et\/ou le quartile\u00a0de la revue dans la base de donn\u00e9es index\u00e9e.<\/li>\r\n\r\n<li>Les articles en r\u00e9vision, soumis ou en pr\u00e9paration, peuvent \u00eatre mentionn\u00e9s mais devront faire l&#8217;objet d&#8217;une rubrique distincte, ainsi que les articles en pre-review d\u00e9pos\u00e9s dans les *Rxiv.Indiquer le h-index ainsi que le nombre de citations (Web of Science, sinon pr\u00e9ciser)<\/li>\r\n\r\n<li>Mettre en valeur les publications en dernier auteur (ex. les placer dans une rubrique sp\u00e9ciale).<\/li>\r\n<\/ul>\r\n\r\n<h5>Congr\u00e8s<\/h5>\r\n\r\n<ul>\r\n<li>Mentionner les congr\u00e8s dans lesquelles des travaux ont \u00e9t\u00e9 pr\u00e9sent\u00e9s ainsi que les conf\u00e9rences invit\u00e9es s&#8217;il y a lieu.<\/li>\r\n<\/ul>\r\n\r\n<h5>Contrats<\/h5>\r\n\r\n<ul>\r\n<li>Il convient de pr\u00e9ciser, pour chaque contrat, le niveau d&#8217;implication : porteur\/responsable&nbsp;; co-porteur\/co-responsable&nbsp; participant\u2026<\/li>\r\n<\/ul>\r\n\r\n<h5>Encadrement<\/h5>\r\n\r\n<ul>\r\n<li>Indiquer le nom des \u00e9tudiants en Master ou Th\u00e8se et des post-doctorants supervis\u00e9s afin de pouvoir identifier leurs publications.<\/li>\r\n<\/ul>\r\n\r\n<h5>Responsabilit\u00e9s collectives<\/h5>\r\n\r\n<p>Pour chacune des responsabilit\u00e9s assur\u00e9es, pr\u00e9ciser la charge g\u00e9n\u00e9r\u00e9e.\r\n\r\n<ul>\r\n<li>Ex. Direction d&#8217;\u00e9quipe : donner la composition des membres de l&#8217;\u00e9quipe (permanents et non permanents)<\/li>\r\n<li>Ex. Membre d&#8217;un conseil scientifique : indiquer le r\u00f4le, le nombre de r\u00e9unions mensuelles ou annuelles, le nombre de dossiers \u00e9valu\u00e9s\u2026<\/li>\r\n<\/ul>\r\n\r\n<h5>Les avis de personnalit\u00e9s<\/h5>\r\n\r\n<p>Les personnalit\u00e9s scientifiques peuvent transmettre des avis sur les projets de programme de recherche des candidat\u00b7e\u00b7s. Les avis sont \u00e0 d\u00e9poser uniquement pendant la p\u00e9riode d\u2019inscription <a href=\"http:\/\/www.cnrs-bellevue.fr\/formulaires\/scc-recommandation.php\">sur le site du CNRS<\/a>.","protected":false},"excerpt":{"rendered":"<p>Crit\u00e8res de s\u00e9lection Les crit\u00e8res de s\u00e9lection pour les concours CR et DR correspondent aux crit\u00e8res d&#8217;\u00e9valuation du grade auquel le candidat ou la candidate postulent. CRCN Dans un souci d&#8217;homog\u00e9n\u00e9isation, la Section souhaite que chacune des 2 parties du dossier, \u00ab&nbsp;Travaux ant\u00e9rieurs&nbsp;\u00bb et \u00ab&nbsp;Projet de recherche&nbsp;\u00bb, compte entre 10 et 15 pages au maximum [&hellip;]<\/p>\n","protected":false},"author":1,"featured_media":0,"parent":0,"menu_order":0,"comment_status":"closed","ping_status":"closed","template":"","meta":{"footnotes":""},"class_list":["post-324","page","type-page","status-publish","hentry"],"_links":{"self":[{"href":"https:\/\/section-26-conrs.laboissiere.net\/index.php\/wp-json\/wp\/v2\/pages\/324"}],"collection":[{"href":"https:\/\/section-26-conrs.laboissiere.net\/index.php\/wp-json\/wp\/v2\/pages"}],"about":[{"href":"https:\/\/section-26-conrs.laboissiere.net\/index.php\/wp-json\/wp\/v2\/types\/page"}],"author":[{"embeddable":true,"href":"https:\/\/section-26-conrs.laboissiere.net\/index.php\/wp-json\/wp\/v2\/users\/1"}],"replies":[{"embeddable":true,"href":"https:\/\/section-26-conrs.laboissiere.net\/index.php\/wp-json\/wp\/v2\/comments?post=324"}],"version-history":[{"count":31,"href":"https:\/\/section-26-conrs.laboissiere.net\/index.php\/wp-json\/wp\/v2\/pages\/324\/revisions"}],"predecessor-version":[{"id":538,"href":"https:\/\/section-26-conrs.laboissiere.net\/index.php\/wp-json\/wp\/v2\/pages\/324\/revisions\/538"}],"wp:attachment":[{"href":"https:\/\/section-26-conrs.laboissiere.net\/index.php\/wp-json\/wp\/v2\/media?parent=324"}],"curies":[{"name":"wp","href":"https:\/\/api.w.org\/{rel}","templated":true}]}}