{"id":397,"date":"2018-11-21T13:15:27","date_gmt":"2018-11-21T13:15:27","guid":{"rendered":"http:\/\/section-26-conrs.fr\/?page_id=397"},"modified":"2019-12-04T14:12:33","modified_gmt":"2019-12-04T14:12:33","slug":"concours-2019","status":"publish","type":"page","link":"https:\/\/section-26-conrs.laboissiere.net\/index.php\/concours-2019\/","title":{"rendered":"Concours 2019"},"content":{"rendered":"<p>Les postes ci-dessous peuvent int\u00e9resser les candidats qui travaillent dans les disciplines couvertes par la Section 26. Pour plus d&#8217;informations, veuillez consulter le <a href=\"http:\/\/www.dgdr.cnrs.fr\/drhchercheurs\/concoursch\/default-fr.htm\">site web officiel du concours.<\/a><\/p>\r\n\r\n<p>Les <a href=\"http:\/\/www.dgdr.cnrs.fr\/drhchercheurs\/concoursch\/informer\/docs\/2019\/Calendrier%20auditions_v4.pdf\">auditions<\/a> auront lieu \u00e0 la <a href=\"\/wp-content\/uploads\/2019\/03\/Plan-et-adresse-CNRS-Meudon.pdf\">DR5 du CNRS \u00e0 Meudon<\/a> entre le 25 et le 29 mars de 2019.<p>\r\n\r\n<h5>Postes ouverts au concours pour la <a href=\"http:\/\/www.cnrs.fr\/comitenational\/sections\/section.php?sec=26\">Section 26<\/a> (Cerveau, cognition, comportement)&nbsp;:<\/h5>\r\n\r\n<ul>\r\n\r\n<li><a href=\"http:\/\/gestionoffres.dsi.cnrs.fr\/fo\/offres\/detail-fr.php?&#038;offre_id=62\">N\u00b026\/01<\/a> \u2013 5 Directeurs de recherche de 2e classe (DR2). Concours ouvert sur les th\u00e8mes scientifiques relevant de la Section 26.\r\n<br class=\"real\"\/><br class=\"real\"\/><strong>Liste des candidat\u2022e\u2022s admissibles\u00a0:<\/strong><br class=\"real\"\/><br class=\"real\"\/><table class=\"results\"><tbody>\r\n<tr><td>BROCHIER Thomas<\/td><td>Admissible class\u00e9 n\u00b0 1<\/td><\/tr>\r\n<tr><td>JEANSON Raphael<\/td><td>Admissible class\u00e9 n\u00b0 2<\/td><\/tr>\r\n<tr><td>LE MERRER Julie<\/td><td>Admissible class\u00e9e n\u00b0 3<\/td><\/tr>\r\n<tr><td>WOLFF Mathieu<\/td><td>Admissible class\u00e9 n\u00b0 4<\/td><\/tr>\r\n<tr><td>MARS Franck<\/td><td>Admissible class\u00e9 n\u00b0 5<\/td><\/tr>\r\n<tr><td>AMIEZ Celine<\/td><td>Admissible class\u00e9e n\u00b0 6<\/td><\/tr>\r\n<tr><td>CHABBERT Christian<\/td><td>Admissible class\u00e9 n\u00b0 7<\/td><\/tr>\r\n<\/tbody><\/table><br class=\"real\"\/>\r\n<\/li>\r\n\r\n<li><a href=\"http:\/\/gestionoffres.dsi.cnrs.fr\/fo\/offres\/detail-fr.php?&#038;offre_id=63\">N\u00b026\/02<\/a> \u2013 3 Charg\u00e9s de recherche de classe normale (CRCN). Concours ouvert sur les th\u00e8mes scientifiques relevant de la Section 26.\r\n<br class=\"real\"\/><br class=\"real\"\/><strong>Liste des candidat\u2022e\u2022s admissibles\u00a0:<\/strong><br class=\"real\"\/><br class=\"real\"\/><table class=\"results\"><tbody>\r\n<tr><td>PASQUEREAU Benjamin<\/td><td>Admissible class\u00e9 n\u00b0 1<\/td><\/tr>\r\n<tr><td>VERNET Marine<\/td><td>Admissible class\u00e9e n\u00b0 2<\/td><\/tr>\r\n<tr><td>ZOEFEL Benedikt<\/td><td>Admissible class\u00e9 n\u00b0 3<\/td><\/tr>\r\n<tr><td>DEFFAINS Marc<\/td><td>Admissible class\u00e9 n\u00b0 4<\/td><\/tr>\r\n<tr><td>KOSEM Anne<\/td><td>Admissible class\u00e9e n\u00b0 5<\/td><\/tr>\r\n<tr><td>ENGELN Michel<\/td><td>Admissible class\u00e9 n\u00b0 6<\/td><\/tr>\r\n<tr><td>ISINGRINI Elsa<\/td><td>Admissible class\u00e9e n\u00b0 7<\/td><\/tr>\r\n<\/tbody><\/table><br class=\"real\"\/>\r\n<\/li>\r\n\r\n<li><a href=\"http:\/\/gestionoffres.dsi.cnrs.fr\/fo\/offres\/detail-fr.php?&#038;offre_id=64\">N\u00b026\/03<\/a> \u2013 2 Charg\u00e9s de recherche de classe normale (CRCN), affect\u00e9s dans une unit\u00e9 relevant de l\u2019<a href=\"http:\/\/www.cnrs.fr\/inshs\/\">InSHS<\/a> \u00e0 titre principal ou secondaire dont un prioritairement sur le th\u00e8me \u00ab&nbsp;Cognition sociale&nbsp;\u00bb.\r\n<br class=\"real\"\/><br class=\"real\"\/><strong>Liste des candidat\u2022e\u2022s admissibles\u00a0:<\/strong><br class=\"real\"\/><br class=\"real\"\/><table class=\"results\"><tbody>\r\n<tr><td>DEREX Maxime<\/td><td>Admissible class\u00e9 n\u00b0 1<\/td><\/tr>\r\n<tr><td>KLEIN Elise Janine<\/td><td>Admissible class\u00e9e n\u00b0 2<\/td><\/tr>\r\n<tr><td>PICHON Swann<\/td><td>Admissible class\u00e9 n\u00b0 3<\/td><\/tr>\r\n<tr><td>PONSOT Emmanuel<\/td><td>Admissible class\u00e9 n\u00b0 4<\/td><\/tr>\r\n<\/tbody><\/table><br class=\"real\"\/>\r\n<\/li>\r\n\r\n<\/ul>\r\n\r\n<h5>Postes ouverts au concours pour la <a href=\"http:\/\/www.cnrs.fr\/comitenational\/sections\/section.php?sec=34\">Section 34<\/a> (Sciences du langage)&nbsp;:<\/h5>\r\n\r\n<ul>\r\n\r\n<li><a href=\"http:\/\/gestionoffres.dsi.cnrs.fr\/fo\/offres\/detail-fr.php?&#038;offre_id=82\">N\u00b034\/02<\/a> \u2013 4 Charg\u00e9s de recherche de classe normale (CRCN), dont 1 qui d\u00e9veloppera son projet de recherche dans une unit\u00e9 rattach\u00e9e \u00e0 l\u2019<a href=\"http:\/\/www.cnrs.fr\/insb\/\">InSB<\/a> \u00e0 titre principal.<\/li>\r\n\r\n<\/ul>\r\n\r\n<h5>Postes ouverts au concours pour la <a href=\"http:\/\/www.cnrs.fr\/comitenational\/cid\/cid.php?cid=51\">CID 51<\/a> (Mod\u00e9lisation, et analyse des donn\u00e9es et des syst\u00e8mes biologiques : approches informatiques, math\u00e9matiques et physiques)&nbsp;:<\/h5>\r\n\r\n<ul>\r\n\r\n<li><a href=\"http:\/\/gestionoffres.dsi.cnrs.fr\/fo\/offres\/detail-fr.php?&#038;offre_id=102\">N\u00b051\/01<\/a> \u2013 3 Directeurs de recherche de 2e classe (DR2). Concours ouvert sur les th\u00e8mes scientifiques relevant de la Commission interdisciplinaire n\u00b051.<\/li>\r\n\r\n<li><a href=\"http:\/\/gestionoffres.dsi.cnrs.fr\/fo\/offres\/detail-fr.php?&#038;offre_id=104\">N\u00b051\/03<\/a> \u2013 2 Charg\u00e9s de recherche de classe normale (CRCN) pour des projets de recherche qui s\u2019int\u00e8grent dans des unit\u00e9s rattach\u00e9es \u00e0 l\u2019<a href=\"http:\/\/www.cnrs.fr\/insb\/\">InSB<\/a> \u00e0 titre principal, dont 1 prioritairement sur le th\u00e8me \u00ab&nbsp;Bioinformatique des g\u00e9nomes, mod\u00e9lisation, r\u00e9seaux et interactions macromol\u00e9culaires et fonctionnelles&nbsp;\u00bb.<\/li>\r\n\r\n<\/ul>","protected":false},"excerpt":{"rendered":"<p>Les postes ci-dessous peuvent int\u00e9resser les candidats qui travaillent dans les disciplines couvertes par la Section 26. Pour plus d&#8217;informations, veuillez consulter le site web officiel du concours. Les auditions auront lieu \u00e0 la DR5 du CNRS \u00e0 Meudon entre le 25 et le 29 mars de 2019. Postes ouverts au concours pour la Section [&hellip;]<\/p>\n","protected":false},"author":1,"featured_media":0,"parent":0,"menu_order":0,"comment_status":"closed","ping_status":"closed","template":"","meta":{"footnotes":""},"class_list":["post-397","page","type-page","status-publish","hentry"],"_links":{"self":[{"href":"https:\/\/section-26-conrs.laboissiere.net\/index.php\/wp-json\/wp\/v2\/pages\/397"}],"collection":[{"href":"https:\/\/section-26-conrs.laboissiere.net\/index.php\/wp-json\/wp\/v2\/pages"}],"about":[{"href":"https:\/\/section-26-conrs.laboissiere.net\/index.php\/wp-json\/wp\/v2\/types\/page"}],"author":[{"embeddable":true,"href":"https:\/\/section-26-conrs.laboissiere.net\/index.php\/wp-json\/wp\/v2\/users\/1"}],"replies":[{"embeddable":true,"href":"https:\/\/section-26-conrs.laboissiere.net\/index.php\/wp-json\/wp\/v2\/comments?post=397"}],"version-history":[{"count":31,"href":"https:\/\/section-26-conrs.laboissiere.net\/index.php\/wp-json\/wp\/v2\/pages\/397\/revisions"}],"predecessor-version":[{"id":491,"href":"https:\/\/section-26-conrs.laboissiere.net\/index.php\/wp-json\/wp\/v2\/pages\/397\/revisions\/491"}],"wp:attachment":[{"href":"https:\/\/section-26-conrs.laboissiere.net\/index.php\/wp-json\/wp\/v2\/media?parent=397"}],"curies":[{"name":"wp","href":"https:\/\/api.w.org\/{rel}","templated":true}]}}