{"id":41,"date":"2017-10-12T15:54:48","date_gmt":"2017-10-12T15:54:48","guid":{"rendered":"http:\/\/section-26-conrs.fr\/?page_id=41"},"modified":"2020-02-28T15:32:03","modified_gmt":"2020-02-28T15:32:03","slug":"missions","status":"publish","type":"page","link":"https:\/\/section-26-conrs.laboissiere.net\/index.php\/missions\/","title":{"rendered":"Missions"},"content":{"rendered":"<p>La section 26 est une instance du Comit\u00e9 National de la Recherche Scientifique (<a href=\"http:\/\/www.cnrs.fr\/comitenational\/\">CoNRS<\/a>) et rel\u00e8ve de l&#8217;Institut National des Sciences Biologiques (<a href=\"http:\/\/www.cnrs.fr\/insb\/\">INSB<\/a>) et de l&#8217;Institut National des Sciences Humaines et Sociales (<a href=\"http:\/\/www.cnrs.fr\/inshs\/\">INSHS<\/a>).<\/p>\r\n\r\n<p>La section 26 couvre un ensemble large de disciplines dont les interactions fortes visent \u00e0 la compr\u00e9hension des fonctions c\u00e9r\u00e9brales int\u00e9gratives et cognitives, supports des comportements individuels ou collectifs, qui eux-m\u00eames sont le reflet des processus d\u2019interactions avec l\u2019environnement physique et social. Au sein de la section 26 ces approches forment un continuum d\u00e9cloisonn\u00e9 incluant de fa\u00e7on imbriqu\u00e9e l\u2019\u00e9thologie, la psychologie et les neurosciences int\u00e9gratives et computationnelles.<\/p>\r\n\r\n<p>Le <a href=\"\/wp-content\/uploads\/2020\/02\/Rapport_conjoncture_2019_Section26.pdf\">rapport de conjoncture 2020<\/a> reprend en d\u00e9tail l\u2019ensemble de ces disciplines en tentant de relever pour chacune d\u2019entre elles, les faits marquants et les domaines en \u00e9mergence mais \u00e9galement ceux en r\u00e9gression et les craintes ressenties au sein de notre communaut\u00e9.<\/p>\r\n\r\n<p>Pour alimenter ce rapport de conjoncture, nous avons interrog\u00e9 directement les directeurs d\u2019unit\u00e9s et responsables d\u2019\u00e9quipes des laboratoires de la section, sur l\u2019\u00e9tat des lieux de la discipline, leur vision des \u00e9volutions \u00e0 venir et leurs craintes quant \u00e0 leur domaine et leur pratique de recherche. Nous tenons \u00e0 les remercier tous de leurs retours nombreux et constructifs.<\/p>","protected":false},"excerpt":{"rendered":"<p>La section 26 est une instance du Comit\u00e9 National de la Recherche Scientifique (CoNRS) et rel\u00e8ve de l&#8217;Institut National des Sciences Biologiques (INSB) et de l&#8217;Institut National des Sciences Humaines et Sociales (INSHS). La section 26 couvre un ensemble large de disciplines dont les interactions fortes visent \u00e0 la compr\u00e9hension des fonctions c\u00e9r\u00e9brales int\u00e9gratives et [&hellip;]<\/p>\n","protected":false},"author":1,"featured_media":0,"parent":0,"menu_order":0,"comment_status":"closed","ping_status":"closed","template":"","meta":{"footnotes":""},"class_list":["post-41","page","type-page","status-publish","hentry"],"_links":{"self":[{"href":"https:\/\/section-26-conrs.laboissiere.net\/index.php\/wp-json\/wp\/v2\/pages\/41"}],"collection":[{"href":"https:\/\/section-26-conrs.laboissiere.net\/index.php\/wp-json\/wp\/v2\/pages"}],"about":[{"href":"https:\/\/section-26-conrs.laboissiere.net\/index.php\/wp-json\/wp\/v2\/types\/page"}],"author":[{"embeddable":true,"href":"https:\/\/section-26-conrs.laboissiere.net\/index.php\/wp-json\/wp\/v2\/users\/1"}],"replies":[{"embeddable":true,"href":"https:\/\/section-26-conrs.laboissiere.net\/index.php\/wp-json\/wp\/v2\/comments?post=41"}],"version-history":[{"count":15,"href":"https:\/\/section-26-conrs.laboissiere.net\/index.php\/wp-json\/wp\/v2\/pages\/41\/revisions"}],"predecessor-version":[{"id":569,"href":"https:\/\/section-26-conrs.laboissiere.net\/index.php\/wp-json\/wp\/v2\/pages\/41\/revisions\/569"}],"wp:attachment":[{"href":"https:\/\/section-26-conrs.laboissiere.net\/index.php\/wp-json\/wp\/v2\/media?parent=41"}],"curies":[{"name":"wp","href":"https:\/\/api.w.org\/{rel}","templated":true}]}}