{"id":467,"date":"2019-03-12T14:26:56","date_gmt":"2019-03-12T14:26:56","guid":{"rendered":"http:\/\/section-26-conrs.fr\/?page_id=467"},"modified":"2019-03-12T14:26:56","modified_gmt":"2019-03-12T14:26:56","slug":"recommandations-dossiers-promotion","status":"publish","type":"page","link":"https:\/\/section-26-conrs.laboissiere.net\/index.php\/recommandations-dossiers-promotion\/","title":{"rendered":"Recommandations pour les dossiers de demande de promotion"},"content":{"rendered":"<h4>CRHC<\/h4>\r\n\r\nLa section 26 recommande que l&#8217;ensemble du document \u00ab&nbsp;Titres et Travaux&nbsp;\u00bb n&#8217;exc\u00e8de pas 10 pages (taille de caract\u00e8res 12, interligne 1,5). Ce document doit se concentrer sur les 4 derni\u00e8res ann\u00e9es et sur la pr\u00e9sentation du projet de recherche.\r\n\r\n<h4>DR1, DRCE<\/h4>\r\n\r\nLa Section appr\u00e9ciera que l&#8217;ensemble du document \u00ab&nbsp;Titres et Travaux&nbsp;\u00bb n&#8217;exc\u00e8de pas 30 pages (taille de caract\u00e8res 12, interligne 1,5) sur l&#8217;ensemble de la carri\u00e8re.\r\n\r\n<h4>Conseils de pr\u00e9sentation<\/h4>\r\n\r\n<h5>Publications<\/h5>\r\n\r\n<ul>\r\n<li>Les diff\u00e9rents types de publications seront pr\u00e9sent\u00e9s sous des rubriques distinctes (articles publi\u00e9s dans des revues internationales \u00e0 comit\u00e9 de lecture&nbsp;; articles publi\u00e9s dans des revues nationales \u00e0 comit\u00e9 de lecture&nbsp;; articles publi\u00e9s dans des revues de large diffusion&nbsp;; commentaires&nbsp;; chapitres d&#8217;ouvrage\u2026) sous forme de liste num\u00e9rot\u00e9e (du plus ancien au plus r\u00e9cent).<\/li>\r\n<li>Concernant les publications dans des revues \u00e0 comit\u00e9 de lecture&nbsp;: afin de pouvoir appr\u00e9cier \u00e0 leur plus juste valeur les articles publi\u00e9s, la section recommande d\u2019indiquer, \u00e0 la suite de chaque publication, l&#8217;impact facteur et\/ou le quartile\u00a0de la revue, dans la base de donn\u00e9es index\u00e9e.<\/li> \r\n<li>Les articles en r\u00e9vision, soumis ou en pr\u00e9paration, peuvent \u00eatre mentionn\u00e9s mais devront faire l&#8217;objet d&#8217;une rubrique distincte, ainsi que les articles en pre-review d\u00e9pos\u00e9s dans les *RXiv par ex.<\/li>\r\n<\/ul>\r\n\r\n<h5>Contrats\/Financements<\/h5>\r\n\r\nIl convient de pr\u00e9ciser, pour chaque contrat, le niveau d&#8217;implication&nbsp;: porteur\/responsable, co-porteur\/co-responsable, participant\u2026\r\n\r\n<h5>Encadrement doctoral<\/h5>\r\n\r\nIndiquer le nom des \u00e9tudiants en th\u00e8se et des post-doctorants supervis\u00e9s, en pr\u00e9cisant les dates de d\u00e9but et de fin&nbsp;; signaler leur contribution \u00e0 des publications.\r\n\r\n<h5>Responsabilit\u00e9s collectives<\/h5>\r\n\r\nPour chacune des responsabilit\u00e9s assur\u00e9e, pr\u00e9ciser la charge g\u00e9n\u00e9r\u00e9e.\r\n\r\n<ul>\r\n<li>Ex. Membre d&#8217;un groupe d\u2019int\u00e9r\u00eat collectif&nbsp;: votre r\u00f4le, le nombre de r\u00e9unions mensuelles ou annuelles, le nombre de dossiers \u00e9valu\u00e9s\u2026<\/li>\r\n<li>Ex. Membre d&#8217;un comit\u00e9 de suivi de th\u00e8se (nombre\u2026)<\/li>\r\n<li>Ex. Direction d&#8217;\u00e9quipe&nbsp;: donner la composition des membres de l&#8217;\u00e9quipe (permanents et non permanents).<\/li>\r\n<li>Ex. Membre d&#8217;un Conseil scientifique : indiquer le r\u00f4le, le nombre de r\u00e9unions mensuelles ou annuelles, le nombre de dossiers \u00e9valu\u00e9s\u2026<\/li>\r\n<\/ul>","protected":false},"excerpt":{"rendered":"<p>CRHC La section 26 recommande que l&#8217;ensemble du document \u00ab&nbsp;Titres et Travaux&nbsp;\u00bb n&#8217;exc\u00e8de pas 10 pages (taille de caract\u00e8res 12, interligne 1,5). Ce document doit se concentrer sur les 4 derni\u00e8res ann\u00e9es et sur la pr\u00e9sentation du projet de recherche. DR1, DRCE La Section appr\u00e9ciera que l&#8217;ensemble du document \u00ab&nbsp;Titres et Travaux&nbsp;\u00bb n&#8217;exc\u00e8de pas 30 [&hellip;]<\/p>\n","protected":false},"author":1,"featured_media":0,"parent":0,"menu_order":0,"comment_status":"closed","ping_status":"closed","template":"","meta":{"footnotes":""},"class_list":["post-467","page","type-page","status-publish","hentry"],"_links":{"self":[{"href":"https:\/\/section-26-conrs.laboissiere.net\/index.php\/wp-json\/wp\/v2\/pages\/467"}],"collection":[{"href":"https:\/\/section-26-conrs.laboissiere.net\/index.php\/wp-json\/wp\/v2\/pages"}],"about":[{"href":"https:\/\/section-26-conrs.laboissiere.net\/index.php\/wp-json\/wp\/v2\/types\/page"}],"author":[{"embeddable":true,"href":"https:\/\/section-26-conrs.laboissiere.net\/index.php\/wp-json\/wp\/v2\/users\/1"}],"replies":[{"embeddable":true,"href":"https:\/\/section-26-conrs.laboissiere.net\/index.php\/wp-json\/wp\/v2\/comments?post=467"}],"version-history":[{"count":1,"href":"https:\/\/section-26-conrs.laboissiere.net\/index.php\/wp-json\/wp\/v2\/pages\/467\/revisions"}],"predecessor-version":[{"id":469,"href":"https:\/\/section-26-conrs.laboissiere.net\/index.php\/wp-json\/wp\/v2\/pages\/467\/revisions\/469"}],"wp:attachment":[{"href":"https:\/\/section-26-conrs.laboissiere.net\/index.php\/wp-json\/wp\/v2\/media?parent=467"}],"curies":[{"name":"wp","href":"https:\/\/api.w.org\/{rel}","templated":true}]}}