{"id":624,"date":"2020-12-08T09:03:45","date_gmt":"2020-12-08T09:03:45","guid":{"rendered":"http:\/\/section-26-conrs.fr\/?page_id=624"},"modified":"2021-04-15T12:03:48","modified_gmt":"2021-04-15T12:03:48","slug":"concours-2021","status":"publish","type":"page","link":"https:\/\/section-26-conrs.laboissiere.net\/index.php\/concours-2021\/","title":{"rendered":"Concours 2021"},"content":{"rendered":"<div id=\"warn\">\r\n<strong>Ce site n&#8217;engage pas le CNRS<\/strong>&nbsp;: Les informations ci-dessous n&#8217;ont pas de caract\u00e8re officiel, ne sont pas certifi\u00e9es. Pour conna\u00eetre les classements officiels, il convient de contacter le <a href=\"http:\/\/www.dgdr.cnrs.fr\/drhchercheurs\/concoursch\/contacter.htm\">service central des concours<\/a>.\r\n<\/div>\r\n<p><\/p>\r\n<div id=\"warn\">\r\nPour le <strong>concours DR2 2021<\/strong>, la section \u00e9valuera les candidatures uniquement \u00e0 partir des dossiers et ne proc\u00e9dera pas \u00e0 l&#8217;audition des candidats. Nous conseillons de vous reporter <a href=\"https:\/\/section-26-conrs.fr\/index.php\/dossiers-concours\/?lang=fr\">aux crit\u00e8res d&#8217;\u00e9valuation et aux instructions donn\u00e9es par la Section<\/a> pour constituer votre dossier de candidature.\r\n<\/div>\r\n\r\n<h3>Postes ouverts au concours pour la <a href=\"http:\/\/www.cnrs.fr\/comitenational\/sections\/section.php?sec=26\">Section 26<\/a> (Cerveau, cognition, comportement)&nbsp;:<\/h3>\r\n\r\n<ul>\r\n \r\n<li><strong><a href=\"https:\/\/gestionoffres.dsi.cnrs.fr\/fo\/offres\/detail-fr.php?&#038;offre_id=62\">N\u00b026\/01<\/a><\/strong> \u2013 6 Directeurs de recherche ou Directrices de recherche de 2e classe. Concours ouvert sur les th\u00e8mes scientifiques relevant de la Section n\u00b026.<\/li>\r\n\r\n<p>Liste des candidat\u00b7e\u00b7s class\u00e9\u00b7e\u00b7s admissibles&nbsp;:<\/p>\r\n<ol>\r\n<li>AMIEZ C\u00e9line<\/li>\r\n<li>BERANECK Mathieu<\/li>\r\n<li>DELATOUR Benoit<\/li>\r\n<li>GROSBRAS Marie-H\u00e9l\u00e8ne<\/li>\r\n<li>CHAMBON Val\u00e9rian<\/li>\r\n<li>WIRTH Sylvia<\/li>\r\n<li>PINS Delphine<\/li>\r\n<li>REDDY Leila<\/li>\r\n<li>AUVRAY Malika<\/li>\r\n<\/ol>\r\n\r\n<p>Cette liste est consultable, sur demande, aupr\u00e8s du <a href=\"http:\/\/www.dgdr.cnrs.fr\/drhchercheurs\/concoursch\/contacter.htm\">service central des\r\nconcours<\/a>. Il est rappel\u00e9 que seule la liste disponible au si\u00e8ge du CNRS fait foi. Jury d&#8217;admission pr\u00e9vu le 8 juillet.<\/p>\r\n\r\n<li><strong><a href=\"https:\/\/gestionoffres.dsi.cnrs.fr\/fo\/offres\/detail-fr.php?&#038;offre_id=63\">N\u00b026\/02<\/a><\/strong> \u2013 3 Charg\u00e9s de recherche ou Charg\u00e9es de recherche de classe normale. Concours ouvert sur les th\u00e8mes scientifiques relevant de la Section n\u00b026.<\/br>\r\n<p>Liste des candidat\u00b7e\u00b7s class\u00e9\u00b7e\u00b7s admissibles&nbsp;:<\/p>\r\n<ol>\r\n<li>SZINTE Martin<\/li>\r\n<li>TAKAHASHI Naoya<\/li>\r\n<li>CALABRESE Aur\u00e9lie<\/li>\r\n<li>BERNADOU Abel<\/li>\r\n<li>PONSOT Emmanuel<\/li>\r\n<li>TSUJI Sho<\/li>\r\n<li>CANTELOUP Charlotte<\/li>\r\n<\/ol>\r\n\r\n<p>Cette liste est consultable, sur demande, aupr\u00e8s du <a href=\"http:\/\/www.dgdr.cnrs.fr\/drhchercheurs\/concoursch\/contacter.htm\">service central des\r\nconcours<\/a>. Il est rappel\u00e9 que seule la liste disponible au si\u00e8ge du CNRS fait foi. Jury d&#8217;admission pr\u00e9vu le 31 mai.<\/p>\r\n\r\n<\/li>\r\n\r\n<li><strong><a href=\"https:\/\/gestionoffres.dsi.cnrs.fr\/fo\/offres\/detail-fr.php?&#038;offre_id=64\">N\u00b026\/03<\/a><\/strong> \u2013 1 Charg\u00e9 de recherche ou Charg\u00e9e de recherche de classe normale, sur le th\u00e8me \u00ab&nbsp;\u00c9ducation: dimensions psycho-cognitives et r\u00f4le de la socialisation dans les processus d\u2019apprentissage et de transmission&nbsp;\u00bb, dans une unit\u00e9 rattach\u00e9e \u00e0 l&#8217;InSHS \u00e0 titre principal ou secondaire.<\/br>\r\n<p>Liste des candidat\u00b7e\u00b7s class\u00e9\u00b7e\u00b7s admissibles&nbsp;:<\/p>\r\n<ol>\r\n<li>GOUPIL Louise<\/li>\r\n<li>ATTOUT Lucie<\/li>\r\n<\/ol>\r\n\r\n<p>Cette liste est consultable, sur demande, aupr\u00e8s du <a href=\"http:\/\/www.dgdr.cnrs.fr\/drhchercheurs\/concoursch\/contacter.htm\">service central des concours<\/a>. Il est rappel\u00e9 que seule la liste disponible au si\u00e8ge du CNRS fait foi. La date du jury d\u2019admission est fix\u00e9e au 2 juin.<\/p>\r\n\r\n<\/li>\r\n\r\n<\/ul>\r\n<!--\r\n<h3>Calendrier du concours<\/h3>\r\n\r\n<p><a href=\"http:\/\/www.dgdr.cnrs.fr\/drhchercheurs\/concoursch\/default-fr.htm\">Dispositions du CNRS concernant la crise sanitaire de la COVID-19<\/a><\/p>\r\n\r\n<ul>\r\n<li>3 d\u00e9cembre 2019 \u2013 7 janvier 2020\u00a0: inscription au concours<\/li>\r\n<li>24\u201327 f\u00e9vrier 2020&nbsp;: JAD (jury d'admissibilit\u00e9 sur dossier et s\u00e9lection des candidat.e.s CRCN auditionn\u00e9.e.s)<\/li>\r\n<li>(suspendu)&nbsp;: auditions pour les concours CRCN \u00e0 la <a href=\"https:\/\/goo.gl\/maps\/m675ZkuUvuTqVMHQ9\">DR5 du CNRS \u00e0 Meudon<\/a><\/li>\r\n<li>(suspendu)&nbsp;: jury d'admissibilit\u00e9 pour le concours CRCN<\/li>\r\n<li>(suspendu)&nbsp;: jury d'admissibilit\u00e9 pour le concours DR2<\/li>\r\n<\/ul>\r\n\r\n<h3>Poste ouvert au concours pour la <a href=\"http:\/\/www.cnrs.fr\/comitenational\/sections\/section.php?sec=16\">Section 16<\/a> (Chimie et vivant)&nbsp;:<\/h3>\r\n\r\n<ul>\r\n\r\n<li><strong>N\u00b016\/03<\/strong> \u2013 1 Charg\u00e9 de recherche ou Charg\u00e9e de recherche de classe normale : sur le th\u00e8me&nbsp;: \u00ab&nbsp;Projet interdisciplinaire en chimie ciblant de fa\u00e7on pr\u00e9f\u00e9rentielle les neurosciences&nbsp;\u00bb dont le projet de recherche s\u2019inscrit dans une unit\u00e9 rattach\u00e9e \u00e0 l\u2019INSB ou \u00e0 l\u2019INC.<\/li>\r\n\r\n<\/ul>\r\n\r\n<h3>Poste ouvert au concours pour la <a href=\"http:\/\/www.cnrs.fr\/comitenational\/cid\/cid.php?cid=51\r\n\">CID 51<\/a> (Mod\u00e9lisation, et analyse des donn\u00e9es et des syst\u00e8mes biologiques&nbsp;: approches informatiques, math\u00e9matiques et physiques)&nbsp;:<\/h3>\r\n\r\n<ul>\r\n\r\n<li><strong>N\u00b051\/02<\/strong> \u2013 Charg\u00e9s de recherche ou Charg\u00e9es de recherche de classe normale&nbsp;: dont prioritairement&nbsp;:\r\n<ul>\r\n<li> 1 charg\u00e9 de recherche ou 1 charg\u00e9e de recherche de classe normale dont le projet de recherche s\u2019inscrit dans une unit\u00e9 rattach\u00e9e \u00e0 l\u2019INSMI \u00e0 titre principal,<\/li>\r\n<li> 3 charg\u00e9s de recherche ou 3 charg\u00e9es de rechercherche de classe normale dont le projet de recherche s\u2019inscrit dans des unit\u00e9s rattach\u00e9es \u00e0 l\u2019INSB \u00e0 titre principal, dont&nbsp;:\r\n<ul>\r\n<li> 1 charg\u00e9 de recherche ou 1 charg\u00e9e de recherche de classe normale sur le th\u00e8me \u00ab&nbsp;Intelligence artificielle et analyse de donn\u00e9es massives des processus biologiques&nbsp;\u00bb,<\/li>\r\n<\/ul>\r\n<li> 1 charg\u00e9 de recherche ou 1 charg\u00e9e de recherche de classe normale dont le projet de recherche s\u2019inscrit dans une unit\u00e9 rattach\u00e9e \u00e0 l\u2019INS2I \u00e0 titre principal.<\/li>\r\n<\/li>\r\n<\/ul>\r\n-->","protected":false},"excerpt":{"rendered":"<p>Ce site n&#8217;engage pas le CNRS&nbsp;: Les informations ci-dessous n&#8217;ont pas de caract\u00e8re officiel, ne sont pas certifi\u00e9es. Pour conna\u00eetre les classements officiels, il convient de contacter le service central des concours. Pour le concours DR2 2021, la section \u00e9valuera les candidatures uniquement \u00e0 partir des dossiers et ne proc\u00e9dera pas \u00e0 l&#8217;audition des candidats. [&hellip;]<\/p>\n","protected":false},"author":1,"featured_media":0,"parent":0,"menu_order":0,"comment_status":"closed","ping_status":"closed","template":"","meta":{"footnotes":""},"class_list":["post-624","page","type-page","status-publish","hentry"],"_links":{"self":[{"href":"https:\/\/section-26-conrs.laboissiere.net\/index.php\/wp-json\/wp\/v2\/pages\/624"}],"collection":[{"href":"https:\/\/section-26-conrs.laboissiere.net\/index.php\/wp-json\/wp\/v2\/pages"}],"about":[{"href":"https:\/\/section-26-conrs.laboissiere.net\/index.php\/wp-json\/wp\/v2\/types\/page"}],"author":[{"embeddable":true,"href":"https:\/\/section-26-conrs.laboissiere.net\/index.php\/wp-json\/wp\/v2\/users\/1"}],"replies":[{"embeddable":true,"href":"https:\/\/section-26-conrs.laboissiere.net\/index.php\/wp-json\/wp\/v2\/comments?post=624"}],"version-history":[{"count":16,"href":"https:\/\/section-26-conrs.laboissiere.net\/index.php\/wp-json\/wp\/v2\/pages\/624\/revisions"}],"predecessor-version":[{"id":759,"href":"https:\/\/section-26-conrs.laboissiere.net\/index.php\/wp-json\/wp\/v2\/pages\/624\/revisions\/759"}],"wp:attachment":[{"href":"https:\/\/section-26-conrs.laboissiere.net\/index.php\/wp-json\/wp\/v2\/media?parent=624"}],"curies":[{"name":"wp","href":"https:\/\/api.w.org\/{rel}","templated":true}]}}