{"id":718,"date":"2021-02-20T16:19:15","date_gmt":"2021-02-20T16:19:15","guid":{"rendered":"http:\/\/section-26-conrs.fr\/?page_id=718"},"modified":"2021-02-20T16:19:15","modified_gmt":"2021-02-20T16:19:15","slug":"elections-aux-sections-du-comite-national","status":"publish","type":"page","link":"https:\/\/section-26-conrs.laboissiere.net\/index.php\/elections-aux-sections-du-comite-national\/","title":{"rendered":"\u00c9lections aux sections du Comit\u00e9 National"},"content":{"rendered":"<p>Les \u00e9lections pour la mandature 2021\u20132026 des sections du CoNRS <a href=\"http:\/\/www.dgdr.cnrs.fr\/elections\/scn\/Accueil_sections.htm\">sont ouvertes<\/a>. Veuillez consulter <a href=\"http:\/\/www.dgdr.cnrs.fr\/elections\/scn\/Liste_electorale_et_candidatures\/default.htm\">les modalit\u00e9s d\u2019inscription sur les listes \u00e9lectorales<\/a> et v\u00e9rifier <a href=\"http:\/\/liste-electorale.dsi.cnrs.fr\/fo\/index.php\">votre inscription sur les listes \u00e9lectorales<\/a>.<\/p>\r\n\r\n<p>Voici le <a href=\"http:\/\/www.dgdr.cnrs.fr\/elections\/scn\/Modalites_elections\/defauilt.htm\">calendrier des \u00e9lections<\/a>&nbsp;:<p>\r\n\r\n<ul>\r\n<li><strong>19 janvier 2021<\/strong> : date limite de demande d\u2019inscription les listes \u00e9lectorales<\/li>\r\n<li><strong>28 janvier 2021<\/strong> : affichage de la liste e\u0301lectorale provisoire<\/li>\r\n<li><strong>15 fe\u0301vrier 2021<\/strong> : date limite de re\u0301ception des re\u0301clamations sur la liste e\u0301lectorale<\/li>\r\n<li><strong>25 f\u00e9vrier 2021<\/strong> : publication de la liste \u00e9lectorale d\u00e9finitive\r\n<\/ul>\r\n\r\n<p>Pour les coll\u00e8ges A1, A2, B1 et B2<p>\r\n\r\n<ul>\r\n<li><strong>10 mars 2021<\/strong> : date limite de d\u00e9p\u00f4t des candidatures<\/li>\r\n<li><strong>du 17 au 24 mai 2021<\/strong> : p\u00e9riode de vote 1er tour<\/li>\r\n<li><strong>25 mai 2021<\/strong> : d\u00e9pouillement du 1er tout<\/li>\r\n<li><strong>1er juin 2021<\/strong> : date limite de maintien des candidatures<\/li>\r\n<li><strong>du 21 au 28 juin 2021<\/strong> : p\u00e9riode de vote second tour<\/li>\r\n<li><strong>29 juin 2021<\/strong> : d\u00e9pouillement 2\u00e8me tour<\/li>\r\n<\/ul>\r\n\r\n<p>Pour le coll\u00e8ge C<\/p>\r\n\r\n<ul>\r\n<li><strong>15 avril 2021<\/strong> : date limite de d\u00e9p\u00f4t des listes de candidatures<\/li>\r\n<li><strong>du 21 au 28 juin 2021<\/strong> : p\u00e9riode de vote <\/li>\r\n<li><strong>29 juin 2021<\/strong> : d\u00e9pouillement<\/li>\r\n<\/ul>\r\n","protected":false},"excerpt":{"rendered":"<p>Les \u00e9lections pour la mandature 2021\u20132026 des sections du CoNRS sont ouvertes. Veuillez consulter les modalit\u00e9s d\u2019inscription sur les listes \u00e9lectorales et v\u00e9rifier votre inscription sur les listes \u00e9lectorales. Voici le calendrier des \u00e9lections&nbsp;: 19 janvier 2021 : date limite de demande d\u2019inscription les listes \u00e9lectorales 28 janvier 2021 : affichage de la liste e\u0301lectorale [&hellip;]<\/p>\n","protected":false},"author":1,"featured_media":0,"parent":0,"menu_order":0,"comment_status":"closed","ping_status":"closed","template":"","meta":{"footnotes":""},"class_list":["post-718","page","type-page","status-publish","hentry"],"_links":{"self":[{"href":"https:\/\/section-26-conrs.laboissiere.net\/index.php\/wp-json\/wp\/v2\/pages\/718"}],"collection":[{"href":"https:\/\/section-26-conrs.laboissiere.net\/index.php\/wp-json\/wp\/v2\/pages"}],"about":[{"href":"https:\/\/section-26-conrs.laboissiere.net\/index.php\/wp-json\/wp\/v2\/types\/page"}],"author":[{"embeddable":true,"href":"https:\/\/section-26-conrs.laboissiere.net\/index.php\/wp-json\/wp\/v2\/users\/1"}],"replies":[{"embeddable":true,"href":"https:\/\/section-26-conrs.laboissiere.net\/index.php\/wp-json\/wp\/v2\/comments?post=718"}],"version-history":[{"count":3,"href":"https:\/\/section-26-conrs.laboissiere.net\/index.php\/wp-json\/wp\/v2\/pages\/718\/revisions"}],"predecessor-version":[{"id":723,"href":"https:\/\/section-26-conrs.laboissiere.net\/index.php\/wp-json\/wp\/v2\/pages\/718\/revisions\/723"}],"wp:attachment":[{"href":"https:\/\/section-26-conrs.laboissiere.net\/index.php\/wp-json\/wp\/v2\/media?parent=718"}],"curies":[{"name":"wp","href":"https:\/\/api.w.org\/{rel}","templated":true}]}}